{"id":21676,"date":"2024-12-11T18:17:06","date_gmt":"2024-12-11T18:17:06","guid":{"rendered":"https:\/\/evermorethee.nl\/product\/luisa-abram-81-acara-river-80g\/"},"modified":"2025-11-23T14:16:49","modified_gmt":"2025-11-23T14:16:49","slug":"luisa-abram-81-acara-river-80g","status":"publish","type":"product","link":"https:\/\/evermorethee.nl\/en\/product\/luisa-abram-81-acara-river-80g\/","title":{"rendered":"Luisa Abram 81% Acar\u00e1 River 80g"},"content":{"rendered":"<p>In the eastern Amazon basin, Luisa Abram sources cocoa from two families living along the Acar\u00e1 and Arauaia rivers, where the cocoa is a pure Amelonado variant. These small-scale farmers primarily harvest a\u00e7a\u00ed but also collect cupua\u00e7u and wild Amazonian vanilla, with their chocolate earning a bronze medal at the 2021 Academy of Chocolate awards.<\/p>\n<p><strong>Flavor: <\/strong>strong, pineapple, brownie, caramel, candied fruits and nuts, with a long aftertaste.<\/p>\n<h3>Chocolate from Luisa Abram<\/h3>\n<p>The Abram family from S\u00e3o Paulo creates unique chocolates made from wild cacao harvested in the Amazon rainforest, working directly with cooperatives and families living along the rivers and within the forest.<\/p>\n<p>The cacao, which grows naturally and is maintained by the local communities, offers a distinct flavor profile for each location, with harvests and rare varieties varying yearly, resulting in consistently remarkable and diverse chocolates.<\/p>\n<p><strong>Weight:<\/strong> 2 x 40 grams<\/p>\n<p>&nbsp;<\/p>\n","protected":false},"excerpt":{"rendered":"<p>In the eastern Amazon basin, Luisa Abram sources cocoa from two families living along the Acar\u00e1 and Arauaia rivers, where the cocoa is a pure Amelonado variant. These small-scale farmers primarily harvest a\u00e7a\u00ed but also collect cupua\u00e7u and wild Amazonian vanilla, with their chocolate earning a bronze medal at the 2021 Academy of Chocolate awards. [&hellip;]<\/p>\n","protected":false},"featured_media":21675,"template":"","meta":{"_acf_changed":false,"inline_featured_image":false},"product_brand":[],"product_cat":[280,278],"product_tag":[272,283],"class_list":{"0":"post-21676","1":"product","2":"type-product","3":"status-publish","4":"has-post-thumbnail","6":"product_cat-70-50-cacao-en","7":"product_cat-chocolate","8":"product_tag-smallholders-en","9":"product_tag-vegan-en","10":"product_shipping_class-letterbox","12":"first","13":"instock","14":"taxable","15":"shipping-taxable","16":"purchasable","17":"product-type-simple"},"acf":[],"yoast_head":"<!-- This site is optimized with the Yoast SEO plugin v27.3 - https:\/\/yoast.com\/product\/yoast-seo-wordpress\/ -->\n<title>Luisa Abram 81% Acar\u00e1 River 80g - Evermore<\/title>\n<meta name=\"description\" content=\"In the eastern Amazon basin, Luisa Abram sources cocoa from two families living along the Acar\u00e1 and Arauaia rivers, where the cocoa is a pure Amelonado variant.\" \/>\n<meta name=\"robots\" content=\"index, follow, max-snippet:-1, max-image-preview:large, max-video-preview:-1\" \/>\n<link rel=\"canonical\" href=\"https:\/\/evermorethee.nl\/en\/product\/luisa-abram-81-acara-river-80g\/\" \/>\n<meta property=\"og:locale\" content=\"en_US\" \/>\n<meta property=\"og:type\" content=\"article\" \/>\n<meta property=\"og:title\" content=\"Luisa Abram 81% Acar\u00e1 River 80g - Evermore\" \/>\n<meta property=\"og:description\" content=\"In the eastern Amazon basin, Luisa Abram sources cocoa from two families living along the Acar\u00e1 and Arauaia rivers, where the cocoa is a pure Amelonado variant.\" \/>\n<meta property=\"og:url\" content=\"https:\/\/evermorethee.nl\/en\/product\/luisa-abram-81-acara-river-80g\/\" \/>\n<meta property=\"og:site_name\" content=\"Evermore\" \/>\n<meta property=\"article:modified_time\" content=\"2025-11-23T14:16:49+00:00\" \/>\n<meta property=\"og:image\" content=\"https:\/\/evermorethee.nl\/wp-content\/uploads\/2024\/12\/chocolate-15.png\" \/>\n\t<meta property=\"og:image:width\" content=\"1167\" \/>\n\t<meta property=\"og:image:height\" content=\"1167\" \/>\n\t<meta property=\"og:image:type\" content=\"image\/png\" \/>\n<meta name=\"twitter:card\" content=\"summary_large_image\" \/>\n<meta name=\"twitter:label1\" content=\"Est. reading time\" \/>\n\t<meta name=\"twitter:data1\" content=\"1 minute\" \/>\n<script type=\"application\/ld+json\" class=\"yoast-schema-graph\">{\"@context\":\"https:\\\/\\\/schema.org\",\"@graph\":[{\"@type\":\"WebPage\",\"@id\":\"https:\\\/\\\/evermorethee.nl\\\/en\\\/product\\\/luisa-abram-81-acara-river-80g\\\/\",\"url\":\"https:\\\/\\\/evermorethee.nl\\\/en\\\/product\\\/luisa-abram-81-acara-river-80g\\\/\",\"name\":\"Luisa Abram 81% Acar\u00e1 River 80g - Evermore\",\"isPartOf\":{\"@id\":\"https:\\\/\\\/evermorethee.nl\\\/en\\\/#website\"},\"primaryImageOfPage\":{\"@id\":\"https:\\\/\\\/evermorethee.nl\\\/en\\\/product\\\/luisa-abram-81-acara-river-80g\\\/#primaryimage\"},\"image\":{\"@id\":\"https:\\\/\\\/evermorethee.nl\\\/en\\\/product\\\/luisa-abram-81-acara-river-80g\\\/#primaryimage\"},\"thumbnailUrl\":\"https:\\\/\\\/evermorethee.nl\\\/wp-content\\\/uploads\\\/2024\\\/12\\\/chocolate-15.png\",\"datePublished\":\"2024-12-11T18:17:06+00:00\",\"dateModified\":\"2025-11-23T14:16:49+00:00\",\"description\":\"In the eastern Amazon basin, Luisa Abram sources cocoa from two families living along the Acar\u00e1 and Arauaia rivers, where the cocoa is a pure Amelonado variant.\",\"breadcrumb\":{\"@id\":\"https:\\\/\\\/evermorethee.nl\\\/en\\\/product\\\/luisa-abram-81-acara-river-80g\\\/#breadcrumb\"},\"inLanguage\":\"en-US\",\"potentialAction\":[{\"@type\":\"ReadAction\",\"target\":[\"https:\\\/\\\/evermorethee.nl\\\/en\\\/product\\\/luisa-abram-81-acara-river-80g\\\/\"]}]},{\"@type\":\"ImageObject\",\"inLanguage\":\"en-US\",\"@id\":\"https:\\\/\\\/evermorethee.nl\\\/en\\\/product\\\/luisa-abram-81-acara-river-80g\\\/#primaryimage\",\"url\":\"https:\\\/\\\/evermorethee.nl\\\/wp-content\\\/uploads\\\/2024\\\/12\\\/chocolate-15.png\",\"contentUrl\":\"https:\\\/\\\/evermorethee.nl\\\/wp-content\\\/uploads\\\/2024\\\/12\\\/chocolate-15.png\",\"width\":1167,\"height\":1167,\"caption\":\"Luisa Abram 81% Acar\u00e1 River 80g\"},{\"@type\":\"BreadcrumbList\",\"@id\":\"https:\\\/\\\/evermorethee.nl\\\/en\\\/product\\\/luisa-abram-81-acara-river-80g\\\/#breadcrumb\",\"itemListElement\":[{\"@type\":\"ListItem\",\"position\":1,\"name\":\"Home\",\"item\":\"https:\\\/\\\/evermorethee.nl\\\/en\\\/\"},{\"@type\":\"ListItem\",\"position\":2,\"name\":\"Shop\",\"item\":\"https:\\\/\\\/evermorethee.nl\\\/en\\\/shop\\\/\"},{\"@type\":\"ListItem\",\"position\":3,\"name\":\"Luisa Abram 81% Acar\u00e1 River 80g\"}]},{\"@type\":\"WebSite\",\"@id\":\"https:\\\/\\\/evermorethee.nl\\\/en\\\/#website\",\"url\":\"https:\\\/\\\/evermorethee.nl\\\/en\\\/\",\"name\":\"Evermore\",\"description\":\"Enjoy Evermore!\",\"potentialAction\":[{\"@type\":\"SearchAction\",\"target\":{\"@type\":\"EntryPoint\",\"urlTemplate\":\"https:\\\/\\\/evermorethee.nl\\\/en\\\/?s={search_term_string}\"},\"query-input\":{\"@type\":\"PropertyValueSpecification\",\"valueRequired\":true,\"valueName\":\"search_term_string\"}}],\"inLanguage\":\"en-US\"}]}<\/script>\n<!-- \/ Yoast SEO plugin. -->","yoast_head_json":{"title":"Luisa Abram 81% Acar\u00e1 River 80g - Evermore","description":"In the eastern Amazon basin, Luisa Abram sources cocoa from two families living along the Acar\u00e1 and Arauaia rivers, where the cocoa is a pure Amelonado variant.","robots":{"index":"index","follow":"follow","max-snippet":"max-snippet:-1","max-image-preview":"max-image-preview:large","max-video-preview":"max-video-preview:-1"},"canonical":"https:\/\/evermorethee.nl\/en\/product\/luisa-abram-81-acara-river-80g\/","og_locale":"en_US","og_type":"article","og_title":"Luisa Abram 81% Acar\u00e1 River 80g - Evermore","og_description":"In the eastern Amazon basin, Luisa Abram sources cocoa from two families living along the Acar\u00e1 and Arauaia rivers, where the cocoa is a pure Amelonado variant.","og_url":"https:\/\/evermorethee.nl\/en\/product\/luisa-abram-81-acara-river-80g\/","og_site_name":"Evermore","article_modified_time":"2025-11-23T14:16:49+00:00","og_image":[{"width":1167,"height":1167,"url":"https:\/\/evermorethee.nl\/wp-content\/uploads\/2024\/12\/chocolate-15.png","type":"image\/png"}],"twitter_card":"summary_large_image","twitter_misc":{"Est. reading time":"1 minute"},"schema":{"@context":"https:\/\/schema.org","@graph":[{"@type":"WebPage","@id":"https:\/\/evermorethee.nl\/en\/product\/luisa-abram-81-acara-river-80g\/","url":"https:\/\/evermorethee.nl\/en\/product\/luisa-abram-81-acara-river-80g\/","name":"Luisa Abram 81% Acar\u00e1 River 80g - Evermore","isPartOf":{"@id":"https:\/\/evermorethee.nl\/en\/#website"},"primaryImageOfPage":{"@id":"https:\/\/evermorethee.nl\/en\/product\/luisa-abram-81-acara-river-80g\/#primaryimage"},"image":{"@id":"https:\/\/evermorethee.nl\/en\/product\/luisa-abram-81-acara-river-80g\/#primaryimage"},"thumbnailUrl":"https:\/\/evermorethee.nl\/wp-content\/uploads\/2024\/12\/chocolate-15.png","datePublished":"2024-12-11T18:17:06+00:00","dateModified":"2025-11-23T14:16:49+00:00","description":"In the eastern Amazon basin, Luisa Abram sources cocoa from two families living along the Acar\u00e1 and Arauaia rivers, where the cocoa is a pure Amelonado variant.","breadcrumb":{"@id":"https:\/\/evermorethee.nl\/en\/product\/luisa-abram-81-acara-river-80g\/#breadcrumb"},"inLanguage":"en-US","potentialAction":[{"@type":"ReadAction","target":["https:\/\/evermorethee.nl\/en\/product\/luisa-abram-81-acara-river-80g\/"]}]},{"@type":"ImageObject","inLanguage":"en-US","@id":"https:\/\/evermorethee.nl\/en\/product\/luisa-abram-81-acara-river-80g\/#primaryimage","url":"https:\/\/evermorethee.nl\/wp-content\/uploads\/2024\/12\/chocolate-15.png","contentUrl":"https:\/\/evermorethee.nl\/wp-content\/uploads\/2024\/12\/chocolate-15.png","width":1167,"height":1167,"caption":"Luisa Abram 81% Acar\u00e1 River 80g"},{"@type":"BreadcrumbList","@id":"https:\/\/evermorethee.nl\/en\/product\/luisa-abram-81-acara-river-80g\/#breadcrumb","itemListElement":[{"@type":"ListItem","position":1,"name":"Home","item":"https:\/\/evermorethee.nl\/en\/"},{"@type":"ListItem","position":2,"name":"Shop","item":"https:\/\/evermorethee.nl\/en\/shop\/"},{"@type":"ListItem","position":3,"name":"Luisa Abram 81% Acar\u00e1 River 80g"}]},{"@type":"WebSite","@id":"https:\/\/evermorethee.nl\/en\/#website","url":"https:\/\/evermorethee.nl\/en\/","name":"Evermore","description":"Enjoy Evermore!","potentialAction":[{"@type":"SearchAction","target":{"@type":"EntryPoint","urlTemplate":"https:\/\/evermorethee.nl\/en\/?s={search_term_string}"},"query-input":{"@type":"PropertyValueSpecification","valueRequired":true,"valueName":"search_term_string"}}],"inLanguage":"en-US"}]}},"_links":{"self":[{"href":"https:\/\/evermorethee.nl\/en\/wp-json\/wp\/v2\/product\/21676","targetHints":{"allow":["GET"]}}],"collection":[{"href":"https:\/\/evermorethee.nl\/en\/wp-json\/wp\/v2\/product"}],"about":[{"href":"https:\/\/evermorethee.nl\/en\/wp-json\/wp\/v2\/types\/product"}],"wp:featuredmedia":[{"embeddable":true,"href":"https:\/\/evermorethee.nl\/en\/wp-json\/wp\/v2\/media\/21675"}],"wp:attachment":[{"href":"https:\/\/evermorethee.nl\/en\/wp-json\/wp\/v2\/media?parent=21676"}],"wp:term":[{"taxonomy":"product_brand","embeddable":true,"href":"https:\/\/evermorethee.nl\/en\/wp-json\/wp\/v2\/product_brand?post=21676"},{"taxonomy":"product_cat","embeddable":true,"href":"https:\/\/evermorethee.nl\/en\/wp-json\/wp\/v2\/product_cat?post=21676"},{"taxonomy":"product_tag","embeddable":true,"href":"https:\/\/evermorethee.nl\/en\/wp-json\/wp\/v2\/product_tag?post=21676"}],"curies":[{"name":"wp","href":"https:\/\/api.w.org\/{rel}","templated":true}]}}